{"id":5609,"date":"2025-01-16T07:37:30","date_gmt":"2025-01-16T06:37:30","guid":{"rendered":"https:\/\/app.lux-solution.de\/x5rbbl\/?page_id=5609"},"modified":"2025-01-29T17:43:07","modified_gmt":"2025-01-29T16:43:07","slug":"rezeptanforderung","status":"publish","type":"page","link":"https:\/\/app.lux-solution.de\/x5rbbl\/rezeptanforderung\/","title":{"rendered":"Rezeptanforderung"},"content":{"rendered":"\t\t<div data-elementor-type=\"wp-page\" data-elementor-id=\"5609\" class=\"elementor elementor-5609\" data-elementor-post-type=\"page\">\n\t\t\t\t<div data-dce-background-image-url=\"https:\/\/app.lux-solution.de\/x5rbbl\/wp-content\/uploads\/sites\/24\/2024\/06\/digitale-praxis-anamnese-onlinetermin-bg-blur.jpg\" class=\"elementor-element elementor-element-f4a319b e-flex e-con-boxed e-con e-parent\" data-id=\"f4a319b\" data-element_type=\"container\" data-e-type=\"container\" data-settings=\"{&quot;background_background&quot;:&quot;classic&quot;}\">\n\t\t\t\t\t<div class=\"e-con-inner\">\n\t\t<div class=\"elementor-element elementor-element-ef93b1c e-flex e-con-boxed e-con e-child\" data-id=\"ef93b1c\" data-element_type=\"container\" data-e-type=\"container\">\n\t\t\t\t\t<div class=\"e-con-inner\">\n\t\t<div class=\"elementor-element elementor-element-fbf077c e-flex e-con-boxed e-con e-child\" data-id=\"fbf077c\" data-element_type=\"container\" data-e-type=\"container\">\n\t\t\t\t\t<div class=\"e-con-inner\">\n\t\t\t\t<div class=\"elementor-element elementor-element-765f62c elementor-widget elementor-widget-heading\" data-id=\"765f62c\" data-element_type=\"widget\" data-e-type=\"widget\" data-widget_type=\"heading.default\">\n\t\t\t\t<div class=\"elementor-widget-container\">\n\t\t\t\t\t<h1 class=\"elementor-heading-title elementor-size-default\">Praxis Dr. Koukou<\/h1>\t\t\t\t<\/div>\n\t\t\t\t<\/div>\n\t\t\t\t<div data-dce-title-color=\"#7A7A7A\" class=\"elementor-element elementor-element-d5e170b elementor-widget elementor-widget-heading\" data-id=\"d5e170b\" data-element_type=\"widget\" data-e-type=\"widget\" data-widget_type=\"heading.default\">\n\t\t\t\t<div class=\"elementor-widget-container\">\n\t\t\t\t\t<div class=\"elementor-heading-title elementor-size-default\">Dr. med. Maria Koukou<\/div>\t\t\t\t<\/div>\n\t\t\t\t<\/div>\n\t\t\t\t<div data-dce-title-color=\"#7A7A7A\" class=\"elementor-element elementor-element-6fd2479 elementor-widget elementor-widget-heading\" data-id=\"6fd2479\" data-element_type=\"widget\" data-e-type=\"widget\" data-widget_type=\"heading.default\">\n\t\t\t\t<div class=\"elementor-widget-container\">\n\t\t\t\t\t<div class=\"elementor-heading-title elementor-size-default\">Tennenbacher Str. 40<\/div>\t\t\t\t<\/div>\n\t\t\t\t<\/div>\n\t\t\t\t<div data-dce-title-color=\"#7A7A7A\" class=\"elementor-element elementor-element-2a9a4f2 elementor-widget elementor-widget-heading\" data-id=\"2a9a4f2\" data-element_type=\"widget\" data-e-type=\"widget\" data-widget_type=\"heading.default\">\n\t\t\t\t<div class=\"elementor-widget-container\">\n\t\t\t\t\t<div class=\"elementor-heading-title elementor-size-default\">79106 Freiburg im Breisgau<\/div>\t\t\t\t<\/div>\n\t\t\t\t<\/div>\n\t\t\t\t<div data-dce-title-color=\"#7A7A7A\" class=\"elementor-element elementor-element-dd63073 elementor-widget elementor-widget-heading\" data-id=\"dd63073\" data-element_type=\"widget\" data-e-type=\"widget\" data-widget_type=\"heading.default\">\n\t\t\t\t<div class=\"elementor-widget-container\">\n\t\t\t\t\t<div class=\"elementor-heading-title elementor-size-default\"><a href=\"\">Tel:+49 761 484900<\/a><\/div>\t\t\t\t<\/div>\n\t\t\t\t<\/div>\n\t\t\t\t<div data-dce-title-color=\"#7A7A7A\" class=\"elementor-element elementor-element-27256da elementor-widget elementor-widget-heading\" data-id=\"27256da\" data-element_type=\"widget\" data-e-type=\"widget\" data-widget_type=\"heading.default\">\n\t\t\t\t<div class=\"elementor-widget-container\">\n\t\t\t\t\t<div class=\"elementor-heading-title elementor-size-default\"><a href=\"\">info@endo-diabetes-freiburg.de<\/a><\/div>\t\t\t\t<\/div>\n\t\t\t\t<\/div>\n\t\t\t\t\t<\/div>\n\t\t\t\t<\/div>\n\t\t<div class=\"elementor-element elementor-element-364ea79 e-flex e-con-boxed e-con e-child\" data-id=\"364ea79\" data-element_type=\"container\" data-e-type=\"container\">\n\t\t\t\t\t<div class=\"e-con-inner\">\n\t\t\t\t<div class=\"elementor-element elementor-element-3f41985 dce_masking-none elementor-widget elementor-widget-image\" data-id=\"3f41985\" data-element_type=\"widget\" data-e-type=\"widget\" data-widget_type=\"image.default\">\n\t\t\t\t<div class=\"elementor-widget-container\">\n\t\t\t\t\t\t\t\t\t\t\t\t\t\t\t<img fetchpriority=\"high\" decoding=\"async\" width=\"1024\" height=\"420\" src=\"https:\/\/app.lux-solution.de\/x5rbbl\/wp-content\/uploads\/sites\/24\/2025\/01\/fachaerztin_innere-medizin-endokrinologie-diabetologie-freiburg-dr-maria-koukou-1024x420.webp\" class=\"attachment-large size-large wp-image-5571\" alt=\"\" srcset=\"https:\/\/app.lux-solution.de\/x5rbbl\/wp-content\/uploads\/sites\/24\/2025\/01\/fachaerztin_innere-medizin-endokrinologie-diabetologie-freiburg-dr-maria-koukou-1024x420.webp 1024w, https:\/\/app.lux-solution.de\/x5rbbl\/wp-content\/uploads\/sites\/24\/2025\/01\/fachaerztin_innere-medizin-endokrinologie-diabetologie-freiburg-dr-maria-koukou-300x123.webp 300w, https:\/\/app.lux-solution.de\/x5rbbl\/wp-content\/uploads\/sites\/24\/2025\/01\/fachaerztin_innere-medizin-endokrinologie-diabetologie-freiburg-dr-maria-koukou-768x315.webp 768w, https:\/\/app.lux-solution.de\/x5rbbl\/wp-content\/uploads\/sites\/24\/2025\/01\/fachaerztin_innere-medizin-endokrinologie-diabetologie-freiburg-dr-maria-koukou.webp 1335w\" sizes=\"(max-width: 1024px) 100vw, 1024px\" \/>\t\t\t\t\t\t\t\t\t\t\t\t\t\t\t<\/div>\n\t\t\t\t<\/div>\n\t\t\t\t\t<\/div>\n\t\t\t\t<\/div>\n\t\t\t\t\t<\/div>\n\t\t\t\t<\/div>\n\t\t<div class=\"elementor-element elementor-element-d495b1b e-flex e-con-boxed e-con e-child\" data-id=\"d495b1b\" data-element_type=\"container\" data-e-type=\"container\" data-settings=\"{&quot;background_background&quot;:&quot;classic&quot;}\">\n\t\t\t\t\t<div class=\"e-con-inner\">\n\t\t\t\t<div class=\"elementor-element elementor-element-f451343 elementor-button-align-stretch elementor-widget elementor-widget-form\" data-id=\"f451343\" data-element_type=\"widget\" data-e-type=\"widget\" data-settings=\"{&quot;step_next_label&quot;:&quot;N\\u00e4chster&quot;,&quot;step_previous_label&quot;:&quot;Voriger&quot;,&quot;button_width&quot;:&quot;100&quot;,&quot;dce_confirm_dialog_enabled&quot;:&quot;no&quot;,&quot;step_type&quot;:&quot;number_text&quot;,&quot;step_icon_shape&quot;:&quot;circle&quot;,&quot;label_icon_size&quot;:{&quot;unit&quot;:&quot;px&quot;,&quot;size&quot;:&quot;&quot;,&quot;sizes&quot;:[]},&quot;field_icon_size&quot;:{&quot;unit&quot;:&quot;px&quot;,&quot;size&quot;:&quot;&quot;,&quot;sizes&quot;:[]}}\" data-widget_type=\"form.default\">\n\t\t\t\t<div class=\"elementor-widget-container\">\n\t\t\t\t\t<div class=\"dce-conditions-js-error-notice elementor-message elementor-message-danger\" style=\"display: none;\">A problem was detected in the following Form. Submitting it could result in errors. Please contact the site administrator.<\/div>\t\t\t<script>\n\t\t\tsetTimeout(function() {\n\t\t\t\tlet el = document.querySelector(\".dce-conditions-js-error-notice\");\n\t\t\t\tif (el)\n\t\t\t\t\tel.style.display = \"block\";\n\t\t\t}, 6000);\n\t\t\t<\/script>\t\t<form class=\"elementor-form\" method=\"post\" name=\"Rezeptanforderung\" aria-label=\"Rezeptanforderung\">\n\t\t\t<input type=\"hidden\" name=\"post_id\" value=\"5609\"\/>\n\t\t\t<input type=\"hidden\" name=\"form_id\" value=\"f451343\"\/>\n\t\t\t<input type=\"hidden\" name=\"referer_title\" value=\"Praxis Dr. Maria Koukou\" \/>\n\n\t\t\t\n\t\t\t<div data-field-conditions=\"[{&quot;id&quot;:&quot;adresseapotheke&quot;,&quot;condition&quot;:&quot;(rezeptabholung==&#039;Versand an Apotheke&#039;)&quot;,&quot;mode&quot;:&quot;show&quot;,&quot;disableOnly&quot;:false}]\" data-field-ids=\"[&quot;field_ea17835&quot;,&quot;field_0d7b5ac&quot;,&quot;field_b08ddc6&quot;,&quot;field_a44eb59&quot;,&quot;field_e79c501&quot;,&quot;field_9345907&quot;,&quot;vorname&quot;,&quot;name&quot;,&quot;geburtsdatum&quot;,&quot;strasse&quot;,&quot;plz&quot;,&quot;wohnort&quot;,&quot;telefon&quot;,&quot;email&quot;,&quot;field_471f1a2&quot;,&quot;field_be1b1b8&quot;,&quot;rezeptabholung&quot;,&quot;adresseapotheke&quot;,&quot;field_5469340&quot;,&quot;nachricht&quot;,&quot;datenschutz&quot;,&quot;datumzeit&quot;]\" class=\"elementor-form-fields-wrapper elementor-labels-above\">\n\t\t\t\t\t\t\t\t<div class=\"elementor-field-type-step elementor-field-group elementor-column elementor-field-group-field_ea17835 elementor-col-100\">\n\t\t\t\t\t\t\t<div class=\"e-field-step elementor-hidden\" data-label=\"Hinweis\" data-previousButton=\"\" data-nextButton=\"zum Formular\" data-iconUrl=\"\" data-iconLibrary=\"fas fa-star\" data-icon=\"&lt;svg class=&quot;e-font-icon-svg e-fas-star&quot; viewBox=&quot;0 0 576 512&quot; xmlns=&quot;http:\/\/www.w3.org\/2000\/svg&quot;&gt;&lt;path d=&quot;M259.3 17.8L194 150.2 47.9 171.5c-26.2 3.8-36.7 36.1-17.7 54.6l105.7 103-25 145.5c-4.5 26.3 23.2 46 46.4 33.7L288 439.6l130.7 68.7c23.2 12.2 50.9-7.4 46.4-33.7l-25-145.5 105.7-103c19-18.5 8.5-50.8-17.7-54.6L382 150.2 316.7 17.8c-11.7-23.6-45.6-23.9-57.4 0z&quot;&gt;&lt;\/path&gt;&lt;\/svg&gt;\" ><\/div>\n\n\t\t\t\t\t\t<\/div>\n\t\t\t\t\t\t\t\t<div class=\"elementor-field-type-html elementor-field-group elementor-column elementor-field-group-field_0d7b5ac elementor-col-100\">\n\t\t\t\t\t<style>\n  \/* Verstecke den gesamten Inhalt der Seite standardm\u00e4\u00dfig *\/\n  body {\n    visibility: hidden;\n    opacity: 0;\n    transition: opacity 0.3s ease-in-out; \/* Sanfte \u00dcberblendung *\/\n  }\n<\/style>\n\n<script>\n  document.addEventListener(\"DOMContentLoaded\", function() {\n    \/\/ Zeigt den Inhalt der Seite, nachdem das DOM vollst\u00e4ndig geladen wurde\n    document.body.style.visibility = \"visible\";\n    document.body.style.opacity = \"1\";\n  });\n<\/script>\t\t\t\t<\/div>\n\t\t\t\t\t\t\t\t<div class=\"elementor-field-type-html elementor-field-group elementor-column elementor-field-group-field_b08ddc6 elementor-col-100\">\n\t\t\t\t\t<script>\n    document.addEventListener(\"DOMContentLoaded\", function() {\n        var form = document.querySelector('.elementor-form');\n        if (form) {\n            form.setAttribute('autocomplete', 'off');\n        }\n    });\n<\/script>\n\t\t\t\t<\/div>\n\t\t\t\t\t\t\t\t<div class=\"elementor-field-type-html elementor-field-group elementor-column elementor-field-group-field_a44eb59 elementor-col-100\">\n\t\t\t\t\t<center><b style=\"font-size:25px;\">FOLGEREZEPT-ANFORDERUNG<\/b><br><br\/><br>\n<b style=\"background-color:#B62B30;color:#fff;padding:10px;\">Hinweis f\u00fcr gesetzlich Versicherte<\/b><br\/><br\/><br\/><\/center>\n<div style=\"display: flex;\n      justify-content: center;\">\n<div style=\"text-align:left;\">\nBitte beachten Sie, dass eine Rezeptausstellung nur erfolgen kann, wenn uns eine g\u00fcltige \u00dcberweisung f\u00fcr das aktuelle Quartal vorliegt. <br>\nSollte keine \u00dcberweisung vorhanden sein, kann Ihr Rezeptwunsch leider nicht bearbeitet werden.\n<\/div><\/div><br\/><br\/>\t\t\t\t<\/div>\n\t\t\t\t\t\t\t\t<div class=\"elementor-field-type-step elementor-field-group elementor-column elementor-field-group-field_e79c501 elementor-col-100\">\n\t\t\t\t\t\t\t<div class=\"e-field-step elementor-hidden\" data-label=\"Identifikation\" data-previousButton=\"zur\u00fcck\" data-nextButton=\"zum Formular\" data-iconUrl=\"\" data-iconLibrary=\"fas fa-star\" data-icon=\"&lt;svg class=&quot;e-font-icon-svg e-fas-star&quot; viewBox=&quot;0 0 576 512&quot; xmlns=&quot;http:\/\/www.w3.org\/2000\/svg&quot;&gt;&lt;path d=&quot;M259.3 17.8L194 150.2 47.9 171.5c-26.2 3.8-36.7 36.1-17.7 54.6l105.7 103-25 145.5c-4.5 26.3 23.2 46 46.4 33.7L288 439.6l130.7 68.7c23.2 12.2 50.9-7.4 46.4-33.7l-25-145.5 105.7-103c19-18.5 8.5-50.8-17.7-54.6L382 150.2 316.7 17.8c-11.7-23.6-45.6-23.9-57.4 0z&quot;&gt;&lt;\/path&gt;&lt;\/svg&gt;\" ><\/div>\n\n\t\t\t\t\t\t<\/div>\n\t\t\t\t\t\t\t\t<div class=\"elementor-field-type-html elementor-field-group elementor-column elementor-field-group-field_9345907 elementor-col-100\">\n\t\t\t\t\t <br>\n<b>Ihre pers\u00f6nlichen Daten<\/b>\n<br\/>\t\t\t\t<\/div>\n\t\t\t\t\t\t\t\t<div class=\"elementor-field-type-text elementor-field-group elementor-column elementor-field-group-vorname elementor-col-25\">\n\t\t\t\t\t\t\t\t\t\t\t\t<label for=\"form-field-vorname\" class=\"elementor-field-label\">\n\t\t\t\t\t\t\t\tVorname\t\t\t\t\t\t\t<\/label>\n\t\t\t\t\t\t\t\t\t\t\t\t\t\t<input size=\"1\" type=\"text\" name=\"form_fields[vorname]\" id=\"form-field-vorname\" class=\"elementor-field elementor-size-sm  elementor-field-textual\">\n\t\t\t\t\t\t\t\t\t\t\t<\/div>\n\t\t\t\t\t\t\t\t<div class=\"elementor-field-type-text elementor-field-group elementor-column elementor-field-group-name elementor-col-25\">\n\t\t\t\t\t\t\t\t\t\t\t\t<label for=\"form-field-name\" class=\"elementor-field-label\">\n\t\t\t\t\t\t\t\tName\t\t\t\t\t\t\t<\/label>\n\t\t\t\t\t\t\t\t\t\t\t\t\t\t<input size=\"1\" type=\"text\" name=\"form_fields[name]\" id=\"form-field-name\" class=\"elementor-field elementor-size-sm  elementor-field-textual\">\n\t\t\t\t\t\t\t\t\t\t\t<\/div>\n\t\t\t\t\t\t\t\t<div class=\"elementor-field-type-text elementor-field-group elementor-column elementor-field-group-geburtsdatum elementor-col-25\">\n\t\t\t\t\t\t\t\t\t\t\t\t<label for=\"form-field-geburtsdatum\" class=\"elementor-field-label\">\n\t\t\t\t\t\t\t\tGeb.-Datum\t\t\t\t\t\t\t<\/label>\n\t\t\t\t\t\t\t\t\t\t\t\t\t\t<input size=\"1\" type=\"text\" name=\"form_fields[geburtsdatum]\" id=\"form-field-geburtsdatum\" class=\"elementor-field elementor-size-sm  elementor-field-textual\">\n\t\t\t\t\t\t\t\t\t\t\t<\/div>\n\t\t\t\t\t\t\t\t<div class=\"elementor-field-type-text elementor-field-group elementor-column elementor-field-group-strasse elementor-col-25\">\n\t\t\t\t\t\t\t\t\t\t\t\t<label for=\"form-field-strasse\" class=\"elementor-field-label\">\n\t\t\t\t\t\t\t\tStra\u00dfe\t\t\t\t\t\t\t<\/label>\n\t\t\t\t\t\t\t\t\t\t\t\t\t\t<input size=\"1\" type=\"text\" name=\"form_fields[strasse]\" id=\"form-field-strasse\" class=\"elementor-field elementor-size-sm  elementor-field-textual\">\n\t\t\t\t\t\t\t\t\t\t\t<\/div>\n\t\t\t\t\t\t\t\t<div class=\"elementor-field-type-text elementor-field-group elementor-column elementor-field-group-plz elementor-col-25\">\n\t\t\t\t\t\t\t\t\t\t\t\t<label for=\"form-field-plz\" class=\"elementor-field-label\">\n\t\t\t\t\t\t\t\tPLZ\t\t\t\t\t\t\t<\/label>\n\t\t\t\t\t\t\t\t\t\t\t\t\t\t<input size=\"1\" type=\"text\" name=\"form_fields[plz]\" id=\"form-field-plz\" class=\"elementor-field elementor-size-sm  elementor-field-textual\">\n\t\t\t\t\t\t\t\t\t\t\t<\/div>\n\t\t\t\t\t\t\t\t<div class=\"elementor-field-type-text elementor-field-group elementor-column elementor-field-group-wohnort elementor-col-25\">\n\t\t\t\t\t\t\t\t\t\t\t\t<label for=\"form-field-wohnort\" class=\"elementor-field-label\">\n\t\t\t\t\t\t\t\tWohnort\t\t\t\t\t\t\t<\/label>\n\t\t\t\t\t\t\t\t\t\t\t\t\t\t<input size=\"1\" type=\"text\" name=\"form_fields[wohnort]\" id=\"form-field-wohnort\" class=\"elementor-field elementor-size-sm  elementor-field-textual\">\n\t\t\t\t\t\t\t\t\t\t\t<\/div>\n\t\t\t\t\t\t\t\t<div class=\"elementor-field-type-text elementor-field-group elementor-column elementor-field-group-telefon elementor-col-25\">\n\t\t\t\t\t\t\t\t\t\t\t\t<label for=\"form-field-telefon\" class=\"elementor-field-label\">\n\t\t\t\t\t\t\t\tMobil\/Tel. Nr.\t\t\t\t\t\t\t<\/label>\n\t\t\t\t\t\t\t\t\t\t\t\t\t\t<input size=\"1\" type=\"text\" name=\"form_fields[telefon]\" id=\"form-field-telefon\" class=\"elementor-field elementor-size-sm  elementor-field-textual\">\n\t\t\t\t\t\t\t\t\t\t\t<\/div>\n\t\t\t\t\t\t\t\t<div class=\"elementor-field-type-email elementor-field-group elementor-column elementor-field-group-email elementor-col-25\">\n\t\t\t\t\t\t\t\t\t\t\t\t<label for=\"form-field-email\" class=\"elementor-field-label\">\n\t\t\t\t\t\t\t\tE-Mail\t\t\t\t\t\t\t<\/label>\n\t\t\t\t\t\t\t\t\t\t\t\t\t\t<input size=\"1\" type=\"email\" name=\"form_fields[email]\" id=\"form-field-email\" class=\"elementor-field elementor-size-sm  elementor-field-textual\">\n\t\t\t\t\t\t\t\t\t\t\t<\/div>\n\t\t\t\t\t\t\t\t<div class=\"elementor-field-type-step elementor-field-group elementor-column elementor-field-group-field_471f1a2 elementor-col-100\">\n\t\t\t\t\t\t\t<div class=\"e-field-step elementor-hidden\" data-label=\"INFORMATION PATIENT:IN\" data-previousButton=\"zur\u00fcck\" data-nextButton=\"zum Formular\" data-iconUrl=\"\" data-iconLibrary=\"fas fa-star\" data-icon=\"&lt;svg class=&quot;e-font-icon-svg e-fas-star&quot; viewBox=&quot;0 0 576 512&quot; xmlns=&quot;http:\/\/www.w3.org\/2000\/svg&quot;&gt;&lt;path d=&quot;M259.3 17.8L194 150.2 47.9 171.5c-26.2 3.8-36.7 36.1-17.7 54.6l105.7 103-25 145.5c-4.5 26.3 23.2 46 46.4 33.7L288 439.6l130.7 68.7c23.2 12.2 50.9-7.4 46.4-33.7l-25-145.5 105.7-103c19-18.5 8.5-50.8-17.7-54.6L382 150.2 316.7 17.8c-11.7-23.6-45.6-23.9-57.4 0z&quot;&gt;&lt;\/path&gt;&lt;\/svg&gt;\" ><\/div>\n\n\t\t\t\t\t\t<\/div>\n\t\t\t\t\t\t\t\t<div class=\"elementor-field-type-html elementor-field-group elementor-column elementor-field-group-field_be1b1b8 elementor-col-100\">\n\t\t\t\t\t<b>Rezept abholen<\/b>\t\t\t\t<\/div>\n\t\t\t\t\t\t\t\t<div class=\"elementor-field-type-radio elementor-field-group elementor-column elementor-field-group-rezeptabholung elementor-col-100\">\n\t\t\t\t\t\t\t\t\t\t\t\t<label for=\"form-field-rezeptabholung\" class=\"elementor-field-label\">\n\t\t\t\t\t\t\t\tIhr Rezeptwunsch\t\t\t\t\t\t\t<\/label>\n\t\t\t\t\t\t<div class=\"elementor-field-subgroup  \"><span class=\"elementor-field-option\"><input type=\"radio\" value=\"Abholung innerhalb der \u00d6ffnungszeiten in unserer Praxis (&lt;a href=&quot;https:\/\/endo-diabetes-freiburg.de\/&quot; target=&quot;_blank&quot;&gt;&lt;u&gt;\u00d6ffnungszeiten&lt;\/u&gt;&lt;\/a&gt;)\" id=\"form-field-rezeptabholung-0\" name=\"form_fields[rezeptabholung]\"> <label for=\"form-field-rezeptabholung-0\">Abholung innerhalb der \u00d6ffnungszeiten in unserer Praxis (<a href=\"https:\/\/endo-diabetes-freiburg.de\/\" target=\"_blank\"><u>\u00d6ffnungszeiten<\/u><\/a>)<\/label><\/span><span class=\"elementor-field-option\"><input type=\"radio\" value=\"Versand an Apotheke\" id=\"form-field-rezeptabholung-1\" name=\"form_fields[rezeptabholung]\"> <label for=\"form-field-rezeptabholung-1\">Versand an Apotheke<\/label><\/span><\/div>\t\t\t\t<\/div>\n\t\t\t\t\t\t\t\t<div class=\"elementor-field-type-textarea elementor-field-group elementor-column elementor-field-group-adresseapotheke elementor-col-50\">\n\t\t\t\t\t\t\t\t\t\t\t\t<label for=\"form-field-adresseapotheke\" class=\"elementor-field-label\">\n\t\t\t\t\t\t\t\tAdresse der Apotheke\t\t\t\t\t\t\t<\/label>\n\t\t\t\t\t\t<textarea class=\"elementor-field-textual elementor-field  elementor-size-sm\" name=\"form_fields[adresseapotheke]\" id=\"form-field-adresseapotheke\" rows=\"4\" placeholder=\"Vollst\u00e4ndige Adresse eingeben\"><\/textarea>\t\t\t\t<\/div>\n\t\t\t\t\t\t\t\t<div class=\"elementor-field-type-html elementor-field-group elementor-column elementor-field-group-field_5469340 elementor-col-100\">\n\t\t\t\t\t<hr>\t\t\t\t<\/div>\n\t\t\t\t\t\t\t\t<div class=\"elementor-field-type-textarea elementor-field-group elementor-column elementor-field-group-nachricht elementor-col-100\">\n\t\t\t\t\t\t\t\t\t\t\t\t<label for=\"form-field-nachricht\" class=\"elementor-field-label\">\n\t\t\t\t\t\t\t\t<b>Ihre Nachricht an uns<\/b>\t\t\t\t\t\t\t<\/label>\n\t\t\t\t\t\t<textarea class=\"elementor-field-textual elementor-field  elementor-size-sm\" name=\"form_fields[nachricht]\" id=\"form-field-nachricht\" rows=\"4\"><\/textarea>\t\t\t\t<\/div>\n\t\t\t\t\t\t\t\t<div class=\"elementor-field-type-acceptance elementor-field-group elementor-column elementor-field-group-datenschutz elementor-col-100 elementor-field-required\">\n\t\t\t\t\t\t\t\t\t\t\t\t<label for=\"form-field-datenschutz\" class=\"elementor-field-label\">\n\t\t\t\t\t\t\t\t<b>Datenschutz<\/b>\t\t\t\t\t\t\t<\/label>\n\t\t\t\t\t\t\t\t<div class=\"elementor-field-subgroup\">\n\t\t\t<span class=\"elementor-field-option\">\n\t\t\t\t<input type=\"checkbox\" name=\"form_fields[datenschutz]\" id=\"form-field-datenschutz\" class=\"elementor-field elementor-size-sm  elementor-acceptance-field\" required=\"required\">\n\t\t\t\t<label for=\"form-field-datenschutz\">Ihre Privatsph\u00e4re ist uns wichtig. Die von Ihnen in diesem Formular eingegebenen Daten werden streng vertraulich behandelt und nur f\u00fcr die Bearbeitung Ihrer Rezeptanforderung verwendet. Ihre pers\u00f6nlichen Informationen werden gem\u00e4\u00df den geltenden <a href=\"https:\/\/endo-diabetes-freiburg.de\/datenschutz\/\" target=\"_blank\">Datenschutzerkl\u00e4rung.<\/a> sicher verarbeitet.<br\/><\/label>\t\t\t<\/span>\n\t\t<\/div>\n\t\t\t\t\t\t<\/div>\n\t\t\t\t\t\t\t\t<div class=\"elementor-field-type-hidden elementor-field-group elementor-column elementor-field-group-datumzeit elementor-col-100\">\n\t\t\t\t\t\t\t\t\t\t\t\t\t<input size=\"1\" type=\"hidden\" name=\"form_fields[datumzeit]\" id=\"form-field-datumzeit\" class=\"elementor-field elementor-size-sm  elementor-field-textual\" value=\"17\/05\/2026 07:59\">\n\t\t\t\t\t\t\t\t\t\t\t<\/div>\n\t\t\t\t\t\t\t\t<div class=\"elementor-field-group elementor-column elementor-field-type-submit elementor-col-100 e-form__buttons\">\n\t\t\t\t\t<button class=\"elementor-button elementor-size-sm\" type=\"submit\">\n\t\t\t\t\t\t<span class=\"elementor-button-content-wrapper\">\n\t\t\t\t\t\t\t\t\t\t\t\t\t\t\t\t\t\t\t\t\t\t<span class=\"elementor-button-text\">Formular absenden<\/span>\n\t\t\t\t\t\t\t\t\t\t\t\t\t<\/span>\n\t\t\t\t\t<\/button>\n\t\t\t\t<\/div>\n\t\t\t<\/div>\n\t\t<\/form>\n\t\t\t\t\t\t<\/div>\n\t\t\t\t<\/div>\n\t\t\t\t\t<\/div>\n\t\t\t\t<\/div>\n\t\t\t\t\t<\/div>\n\t\t\t\t<\/div>\n\t\t<div class=\"elementor-element elementor-element-249657f e-flex e-con-boxed e-con e-parent\" data-id=\"249657f\" data-element_type=\"container\" data-e-type=\"container\">\n\t\t\t\t\t<div class=\"e-con-inner\">\n\t\t\t\t<div class=\"elementor-element elementor-element-7aedf07 elementor-widget elementor-widget-shortcode\" data-id=\"7aedf07\" data-element_type=\"widget\" data-e-type=\"widget\" data-widget_type=\"shortcode.default\">\n\t\t\t\t<div class=\"elementor-widget-container\">\n\t\t\t\t\t\t\t<div class=\"elementor-shortcode\">\t\t<div data-elementor-type=\"container\" data-elementor-id=\"786\" class=\"elementor elementor-786\" data-elementor-post-type=\"elementor_library\">\n\t\t\t\t<div class=\"elementor-element elementor-element-329d47f1 e-flex e-con-boxed e-con e-parent\" data-id=\"329d47f1\" data-element_type=\"container\" data-e-type=\"container\">\n\t\t\t\t\t<div class=\"e-con-inner\">\n\t\t\t\t<div class=\"elementor-element elementor-element-642dbe9 elementor-icon-list--layout-inline elementor-align-center elementor-list-item-link-full_width elementor-widget elementor-widget-icon-list\" data-id=\"642dbe9\" data-element_type=\"widget\" data-e-type=\"widget\" data-widget_type=\"icon-list.default\">\n\t\t\t\t<div class=\"elementor-widget-container\">\n\t\t\t\t\t\t\t<ul class=\"elementor-icon-list-items elementor-inline-items\">\n\t\t\t\t\t\t\t<li class=\"elementor-icon-list-item elementor-inline-item\">\n\t\t\t\t\t\t\t\t\t\t<span class=\"elementor-icon-list-text\">Impressum<\/span>\n\t\t\t\t\t\t\t\t\t<\/li>\n\t\t\t\t\t\t\t\t<li class=\"elementor-icon-list-item elementor-inline-item\">\n\t\t\t\t\t\t\t\t\t\t<span class=\"elementor-icon-list-text\">Datenschutz<\/span>\n\t\t\t\t\t\t\t\t\t<\/li>\n\t\t\t\t\t\t<\/ul>\n\t\t\t\t\t\t<\/div>\n\t\t\t\t<\/div>\n\t\t\t\t<div data-dce-title-color=\"#7A7A7A\" class=\"elementor-element elementor-element-39528007 elementor-widget elementor-widget-heading\" data-id=\"39528007\" data-element_type=\"widget\" data-e-type=\"widget\" data-widget_type=\"heading.default\">\n\t\t\t\t<div class=\"elementor-widget-container\">\n\t\t\t\t\t<h3 class=\"elementor-heading-title elementor-size-default\"><a href=\"https:\/\/lux-digitalepraxis.de\" target=\"_blank\">\u00a9 2026 LUX Digitale Praxis<\/a><\/h3>\t\t\t\t<\/div>\n\t\t\t\t<\/div>\n\t\t\t\t\t<\/div>\n\t\t\t\t<\/div>\n\t\t\t\t<\/div>\n\t\t<\/div>\n\t\t\t\t\t\t<\/div>\n\t\t\t\t<\/div>\n\t\t\t\t\t<\/div>\n\t\t\t\t<\/div>\n\t\t\t\t<\/div>\n\t\t","protected":false},"excerpt":{"rendered":"","protected":false},"author":1,"featured_media":0,"parent":0,"menu_order":0,"comment_status":"closed","ping_status":"closed","template":"","meta":{"footnotes":""},"class_list":["post-5609","page","type-page","status-publish","hentry"],"_links":{"self":[{"href":"https:\/\/app.lux-solution.de\/x5rbbl\/wp-json\/wp\/v2\/pages\/5609","targetHints":{"allow":["GET"]}}],"collection":[{"href":"https:\/\/app.lux-solution.de\/x5rbbl\/wp-json\/wp\/v2\/pages"}],"about":[{"href":"https:\/\/app.lux-solution.de\/x5rbbl\/wp-json\/wp\/v2\/types\/page"}],"author":[{"embeddable":true,"href":"https:\/\/app.lux-solution.de\/x5rbbl\/wp-json\/wp\/v2\/users\/1"}],"replies":[{"embeddable":true,"href":"https:\/\/app.lux-solution.de\/x5rbbl\/wp-json\/wp\/v2\/comments?post=5609"}],"version-history":[{"count":56,"href":"https:\/\/app.lux-solution.de\/x5rbbl\/wp-json\/wp\/v2\/pages\/5609\/revisions"}],"predecessor-version":[{"id":5707,"href":"https:\/\/app.lux-solution.de\/x5rbbl\/wp-json\/wp\/v2\/pages\/5609\/revisions\/5707"}],"wp:attachment":[{"href":"https:\/\/app.lux-solution.de\/x5rbbl\/wp-json\/wp\/v2\/media?parent=5609"}],"curies":[{"name":"wp","href":"https:\/\/api.w.org\/{rel}","templated":true}]}}